{"id":45,"date":"2017-05-31T20:36:36","date_gmt":"2017-05-31T20:36:36","guid":{"rendered":"https:\/\/veacanal.tv\/sitio\/?page_id=45"},"modified":"2020-05-30T10:47:37","modified_gmt":"2020-05-30T16:47:37","slug":"programacion","status":"publish","type":"page","link":"https:\/\/veacanal.tv\/sitio\/programacion\/","title":{"rendered":"Programaci\u00f3n"},"content":{"rendered":"<table style=\"height: 1024px;\" width=\"833\">\n<tbody>\n<tr>\n<td width=\"225\">\n<p style=\"text-align: left;\"><a href=\"https:\/\/www.facebook.com\/BuenDiaOtto1\/?ref=br_rs\"><strong>Buen d\u00eda Otto<\/strong><\/a><\/p>\n<p>\u00a0<\/p>\n<\/td>\n<td width=\"539\">Un programa de An\u00e1lisis con invitados especiales. Se transmite en vivo de lunes a viernes de 08:00 a 09:30 horas, el viernes por la ma\u00f1ana del programa se denomina \u00abEl Analista\u00bb en donde se hace un an\u00e1lisis a conciencia de la realidad nacional. Se repite de lunes a viernes de 19:00 a 20:30 horas.<\/td>\n<\/tr>\n<tr>\n<td><a href=\"https:\/\/www.facebook.com\/karigonro\/\"><strong>Coyuntura Nacional\/ <\/strong><\/a>\n<p>\u00a0<\/p>\n<p><a href=\"https:\/\/www.facebook.com\/karigonro\/\"><strong>Conversemos<\/strong><\/a><\/p>\n<p>\u00a0<\/p>\n<\/td>\n<td width=\"539\">Con Karina de Rottmann analizamos\u00a0 el acontecer\u00a0 nacional , hablamos sobre las problem\u00e1ticas m\u00e1s relevantes del pa\u00eds, siempre con invitados de alta calidad anal\u00edtica. En horarios de: Lunes, martes, jueves, viernes de 10:00 a 12:00 pm y la repetici\u00f3n el mismo d\u00eda\u00a0 a las 9:00 pm.\u00a0\u00a0 S\u00e1bados de 1:00 pm a 3:00 pm y de 7:00 pm a 9:00 pm. Domingo de 4:00 pm a 6:00 pm<\/td>\n<\/tr>\n<tr>\n<td><strong>Nostalgia<\/strong><\/td>\n<td width=\"539\">Un programa dedicado a la m\u00fasica del recuerdo, todos lo lunes de 2:00 pm 3:00 pm con diferentes tem\u00e1ticas. Tambi\u00e9n puedes sintonizarnos en su repetici\u00f3n el domingo de 1:00 pm a 2:00 pm<\/td>\n<\/tr>\n<tr>\n<td><strong>Cara a cara<\/strong><\/td>\n<td width=\"539\">Entrevistas con analistas pol\u00edticos hablando sobre las coyunturas que enfrenta nuestro pa\u00eds, junto con Rafael Rottmann. Todos los martes de 3:00 pm a 14:00 pm y en su repetici\u00f3n de 8:00 pm a 9:00 pm<\/td>\n<\/tr>\n<tr>\n<td>\u00a0<\/td>\n<td width=\"539\">\u00a0<\/td>\n<\/tr>\n<tr>\n<td><a href=\"https:\/\/veacanal.tv\/sitio\/vc-noticias\/\"><strong>VC noticias<\/strong><\/a><\/td>\n<td width=\"539\">Las noticias m\u00e1s actuales del acontecer nacional. Lo m\u00e1s relevante del d\u00eda a d\u00eda, en el horario de Lunes a viernes de 6:00 pm\u00a0 a 7:00 pm. Tambi\u00e9n puedes ver su repetici\u00f3n de lunes a s\u00e1bado de 6:00 am a 7:00 am<\/td>\n<\/tr>\n<tr>\n<td><a href=\"https:\/\/www.facebook.com\/Mixco-Alegre-1442731739082889\/?ref=br_rs\"><strong>Mixco Alegre<\/strong><\/a>\n<p>\u00a0<\/p>\n<p>\u00a0<\/p>\n<\/td>\n<td width=\"539\">La\u00a0marimba es\u00a0instrumento nacional y s\u00edmbolo patrio de\u00a0Guatemala, pero m\u00e1s que eso es s\u00edmbolo de identidad, de unidad nacional, de orgullo patrio.\u00a0 Te invitamos a compartir junto con Mixco Alegre el son de la marimba de 2:00 a 3:00 de la tarde y en su repetici\u00f3n el s\u00e1bado a de 11:00 am a 12:00 pm<\/td>\n<\/tr>\n<tr>\n<td><a href=\"https:\/\/www.facebook.com\/plaura.reyes\/\"><strong>Creciendo con Laura Reyes<\/strong><\/a><\/td>\n<td width=\"539\">Laura leyes nos comparte consejos de\u00a0 c\u00f3mo enfrentarnos ante las adversidades de la vida de manera positiva.\u00a0 Todos los mi\u00e9rcoles de 10:00 am a 11:00 am;\u00a0 de 8:00 pm a 9:00 pm y jueves de 5:00 am a 6:00 pm<\/td>\n<\/tr>\n<tr>\n<td><strong>Claro Oscuro<\/strong><\/td>\n<td width=\"539\">Claro oscuro es una t\u00e9cnica pict\u00f3rica que consiste en disponer de manera adecuada las luces y las sombras en un dibujo o pintura, generalmente para proporcionarle mayor expresividad, aprende m\u00e1s de esta t\u00e9cnica con Francisco Serech\u00a0 los mi\u00e9rcoles de 2:00 pm a 3:00 pm<\/td>\n<\/tr>\n<\/tbody>\n<\/table>\n\n\n<p><\/p>\n","protected":false},"excerpt":{"rendered":"<p>Buen d\u00eda Otto \u00a0 Un programa de An\u00e1lisis con invitados especiales. Se transmite en vivo de lunes a viernes de 08:00 a 09:30 horas, el viernes por la ma\u00f1ana del programa se denomina \u00abEl Analista\u00bb en donde se hace un an\u00e1lisis a conciencia de la realidad nacional. Se repite de lunes a viernes de 19:00 a 20:30 horas. Coyuntura Nacional\/ \u00a0 Conversemos \u00a0 Con Karina de Rottmann analizamos\u00a0 el acontecer\u00a0 nacional , hablamos sobre las&#8230;<\/p>\n","protected":false},"author":1,"featured_media":0,"parent":0,"menu_order":0,"comment_status":"closed","ping_status":"closed","template":"","meta":{"sfsi_plus_gutenberg_text_before_share":"","sfsi_plus_gutenberg_show_text_before_share":"","sfsi_plus_gutenberg_icon_type":"","sfsi_plus_gutenberg_icon_alignemt":"","sfsi_plus_gutenburg_max_per_row":""},"_links":{"self":[{"href":"https:\/\/veacanal.tv\/sitio\/wp-json\/wp\/v2\/pages\/45"}],"collection":[{"href":"https:\/\/veacanal.tv\/sitio\/wp-json\/wp\/v2\/pages"}],"about":[{"href":"https:\/\/veacanal.tv\/sitio\/wp-json\/wp\/v2\/types\/page"}],"author":[{"embeddable":true,"href":"https:\/\/veacanal.tv\/sitio\/wp-json\/wp\/v2\/users\/1"}],"replies":[{"embeddable":true,"href":"https:\/\/veacanal.tv\/sitio\/wp-json\/wp\/v2\/comments?post=45"}],"version-history":[{"count":39,"href":"https:\/\/veacanal.tv\/sitio\/wp-json\/wp\/v2\/pages\/45\/revisions"}],"predecessor-version":[{"id":2520,"href":"https:\/\/veacanal.tv\/sitio\/wp-json\/wp\/v2\/pages\/45\/revisions\/2520"}],"wp:attachment":[{"href":"https:\/\/veacanal.tv\/sitio\/wp-json\/wp\/v2\/media?parent=45"}],"curies":[{"name":"wp","href":"https:\/\/api.w.org\/{rel}","templated":true}]}}