{"id":741,"date":"2017-07-26T17:45:46","date_gmt":"2017-07-26T17:45:46","guid":{"rendered":"https:\/\/veacanal.tv\/sitio\/?page_id=741"},"modified":"2017-09-07T16:52:56","modified_gmt":"2017-09-07T16:52:56","slug":"sergio-vasquez","status":"publish","type":"page","link":"https:\/\/veacanal.tv\/sitio\/sergio-vasquez\/","title":{"rendered":"Sergio V\u00e1squez"},"content":{"rendered":"<p>Sergio V\u00e1squez, es periodista graduado de la universidad de San Carlos de Guatemala y tiene adem\u00e1s, P\u00e9nsum Cerrado en la Licenciatura de Periodismo, as\u00ed como estudios de locuci\u00f3n y en asesor\u00eda de imagen y estrategias de comunicaci\u00f3n. Es estudiante y facilitador del programa Un Curso de Milagros.<\/p>\n<p>Ha ocupado cargos como locutor en emisoras radiales, encargado de Relaciones P\u00fablicas, reportero de prensa escrita en medios nacionales e internacionales y tambi\u00e9n, en calidad de editor de noticias.<\/p>\n<p>A nivel institucional, \u00a0\u00a0Aprofam, Transurbano, \u00a0Fondo de Tierras y el Benem\u00e9rito Cuerpo Voluntario de Bomberos \u00a0en donde fue el representante de esa instituci\u00f3n\u00a0 \u00a0ante el Programa de Desminado de Centroam\u00e9rica, PADCA, el cual estuvo adscrito a la Organizaci\u00f3n de Estados Americanos, OEA.<\/p>\n<p>En la actualidad, labora para Vea Canal conduciendo el programa de marimba Mixco Alegre, as\u00ed como en \u00a0calidad de Relacionista de Transurbano y fot\u00f3grafo del diario El Peri\u00f3dico en turno de fin de semana.<\/p>\n<p><a href=\"https:\/\/veacanal.tv\/sitio\/wp-content\/uploads\/2017\/07\/1800318_905601539458525_5399250766508128706_n.jpg\"><img loading=\"lazy\" class=\"size-medium wp-image-996 aligncenter\" src=\"https:\/\/veacanal.tv\/sitio\/wp-content\/uploads\/2017\/07\/1800318_905601539458525_5399250766508128706_n-239x300.jpg\" alt=\"\" width=\"239\" height=\"300\" srcset=\"https:\/\/veacanal.tv\/sitio\/wp-content\/uploads\/2017\/07\/1800318_905601539458525_5399250766508128706_n-239x300.jpg 239w, https:\/\/veacanal.tv\/sitio\/wp-content\/uploads\/2017\/07\/1800318_905601539458525_5399250766508128706_n.jpg 766w\" sizes=\"(max-width: 239px) 100vw, 239px\" \/><\/a><\/p>\n","protected":false},"excerpt":{"rendered":"<p>Sergio V\u00e1squez, es periodista graduado de la universidad de San Carlos de Guatemala y tiene adem\u00e1s, P\u00e9nsum Cerrado en la Licenciatura de Periodismo, as\u00ed como estudios de locuci\u00f3n y en asesor\u00eda de imagen y estrategias de comunicaci\u00f3n. Es estudiante y facilitador del programa Un Curso de Milagros. Ha ocupado cargos como locutor en emisoras radiales, encargado de Relaciones P\u00fablicas, reportero de prensa escrita en medios nacionales e internacionales y tambi\u00e9n, en calidad de editor de&#8230;<\/p>\n","protected":false},"author":1,"featured_media":0,"parent":0,"menu_order":0,"comment_status":"closed","ping_status":"closed","template":"","meta":{"sfsi_plus_gutenberg_text_before_share":"","sfsi_plus_gutenberg_show_text_before_share":"","sfsi_plus_gutenberg_icon_type":"","sfsi_plus_gutenberg_icon_alignemt":"","sfsi_plus_gutenburg_max_per_row":""},"_links":{"self":[{"href":"https:\/\/veacanal.tv\/sitio\/wp-json\/wp\/v2\/pages\/741"}],"collection":[{"href":"https:\/\/veacanal.tv\/sitio\/wp-json\/wp\/v2\/pages"}],"about":[{"href":"https:\/\/veacanal.tv\/sitio\/wp-json\/wp\/v2\/types\/page"}],"author":[{"embeddable":true,"href":"https:\/\/veacanal.tv\/sitio\/wp-json\/wp\/v2\/users\/1"}],"replies":[{"embeddable":true,"href":"https:\/\/veacanal.tv\/sitio\/wp-json\/wp\/v2\/comments?post=741"}],"version-history":[{"count":3,"href":"https:\/\/veacanal.tv\/sitio\/wp-json\/wp\/v2\/pages\/741\/revisions"}],"predecessor-version":[{"id":997,"href":"https:\/\/veacanal.tv\/sitio\/wp-json\/wp\/v2\/pages\/741\/revisions\/997"}],"wp:attachment":[{"href":"https:\/\/veacanal.tv\/sitio\/wp-json\/wp\/v2\/media?parent=741"}],"curies":[{"name":"wp","href":"https:\/\/api.w.org\/{rel}","templated":true}]}}